{"id":615,"date":"2022-07-01T19:22:45","date_gmt":"2022-07-01T22:22:45","guid":{"rendered":"https:\/\/gardeassociation.org\/pt\/?page_id=615"},"modified":"2022-07-01T19:23:44","modified_gmt":"2022-07-01T22:23:44","slug":"projetos","status":"publish","type":"page","link":"https:\/\/gardeassociation.org\/pt\/o-que-fazemos\/projetos\/","title":{"rendered":"Projetos"},"content":{"rendered":"<div id=\"dslc-main\">\r\n\t\t<div  class=\"dslc-modules-section \" style=\"padding-bottom:12px;padding-top:12px;border-right-style: hidden; border-bottom-style: hidden; border-left-style: hidden; \" data-section-id=\"f92f13288d5\">\r\n\t\t\t\t\r\n\t\t\t\t\r\n\t\t\t\t<div class=\"dslc-modules-section-wrapper dslc-clearfix\"><div class=\"dslc-modules-area dslc-col dslc-2-col dslc-first-col dslc-valign- \" data-size=\"2\" data-valign=\"\"><\/div><div class=\"dslc-modules-area dslc-col dslc-10-col dslc-last-col dslc-valign- \" data-size=\"10\" data-valign=\"\">\r\n\t\t<div id=\"dslc-module-44115fc6eb5\" class=\"dslc-module-front dslc-module-DSLC_Text_Simple dslc-in-viewport-check dslc-in-viewport-anim-none  dslc-col dslc-12-col dslc-last-col  dslc-module-handle-like-regular \" data-module-id=\"44115fc6eb5\" data-module=\"DSLC_Text_Simple\" data-dslc-module-size=\"12\" data-dslc-anim=\"none\" data-dslc-anim-delay=\"\" data-dslc-anim-duration=\"650\"  data-dslc-anim-easing=\"ease\" data-dslc-preset=\"h1-vermelho\" >\r\n\r\n\t\t\t\r\n\t\t\t\r\n\t\t\r\n\t\t<div class=\"dslc-text-module-content\">\r\n\t\t\t<h1>Projetos<\/h1>\t\t<\/div>\r\n\r\n\t\t\r\n\t\t\t\t<\/div><!-- .dslc-module -->\r\n\t\t\r\n\t\t<div id=\"dslc-module-18ca6caa2eb\" class=\"dslc-module-front dslc-module-DSLC_Text_Simple dslc-in-viewport-check dslc-in-viewport-anim-none  dslc-col dslc-12-col dslc-last-col  dslc-module-handle-like-regular \" data-module-id=\"18ca6caa2eb\" data-module=\"DSLC_Text_Simple\" data-dslc-module-size=\"12\" data-dslc-anim=\"none\" data-dslc-anim-delay=\"\" data-dslc-anim-duration=\"650\"  data-dslc-anim-easing=\"ease\" data-dslc-preset=\"none\" >\r\n\r\n\t\t\t\r\n\t\t\t\r\n\t\t\r\n\t\t<div class=\"dslc-text-module-content\">\r\n\t\t\t<p><span style=\"font-weight: 400;\">A GARDE se alicer\u00e7a na intera\u00e7\u00e3o com a comunidade e transpar\u00eancia na comunica\u00e7\u00e3o entre as institui\u00e7\u00f5es envolvidas e os atores locais.\u00a0<\/span><span style=\"font-weight: 400;\">O desenvolvimento dos nossos produtos e servi\u00e7os \u00e9 voltado para tecnologia para redu\u00e7\u00e3o do risco de desastres, abrindo espa\u00e7os de di\u00e1logo com a academia, representantes do poder p\u00fablico, empresas e comunidades. Estes di\u00e1logos refor\u00e7am a rela\u00e7\u00e3o de transpar\u00eancia e comprometimento da GARDE com a comunidade, para ent\u00e3o podermos dar seguimento \u00e0s atividades de levantamento e processamento de dados, que s\u00e3o necess\u00e1rias para o desenvolvimento dos nossos produtos e projetos de tecnologia.\u00a0\u00a0<\/span><\/p><p><span style=\"font-weight: 400;\">Temos trabalhado estabelecendo parcerias com institui\u00e7\u00f5es p\u00fablicas e privadas que trabalham no estado da arte no desenvolvimento e execu\u00e7\u00e3o de atividades relacionadas ao nosso escopo, o que otimiza e potencializa a gera\u00e7\u00e3o de produtos conjuntos com alto custo-benef\u00edcio, sempre buscando um car\u00e1ter inovador e diferenciado.\u00a0<\/span><\/p><p>\u00a0<\/p><p><span style=\"font-weight: 400;\">CONHE\u00c7A NOSSOS PROJETOS<\/span><\/p><ol><li style=\"font-weight: 400;\" aria-level=\"1\"><span style=\"font-weight: 400;\">Diagn\u00f3stico ambiental e socioecon\u00f4mico da Regi\u00e3o Serrana do Estado do Rio de Janeiro<\/span><span style=\"font-weight: 400;\"> com desenvolvimento de uma plataforma digital din\u00e2mica e interativa para melhoria da gest\u00e3o socioambiental e territorial, com indicadores de zonas de vulnerabilidade ambiental e socioecon\u00f4mica e iniciativas de mitiga\u00e7\u00e3o e adapta\u00e7\u00e3o.<\/span><\/li><li style=\"font-weight: 400;\" aria-level=\"1\"><span style=\"font-weight: 400;\">Sistema de previs\u00e3o de tempo e de inunda\u00e7\u00f5es de microescala para Regi\u00e3o Serrana<\/span><span style=\"font-weight: 400;\"> voltado para aplica\u00e7\u00f5es em risco de desastres e \u00e0 agricultura familiar e de pequena escala;<\/span><\/li><li style=\"font-weight: 400;\" aria-level=\"1\"><span style=\"font-weight: 400;\">Sistema de Coleta de dados meteorol\u00f3gicos em tempo real<\/span><span style=\"font-weight: 400;\"> customizado para a regi\u00e3o serrana para assimila\u00e7\u00e3o de dados no modelo de previs\u00e3o;\u00a0<\/span><\/li><li style=\"font-weight: 400;\" aria-level=\"1\"><span style=\"font-weight: 400;\">Customiza\u00e7\u00e3o de software para modelagem<\/span><span style=\"font-weight: 400;\"> de bacias e drenagem, fluxo fluvial, estimativa e previs\u00e3o de enchentes;\u00a0<\/span><\/li><li style=\"font-weight: 400;\" aria-level=\"1\"><span style=\"font-weight: 400;\">Monitoramento de encostas por sat\u00e9lite<\/span><span style=\"font-weight: 400;\">, visando a preven\u00e7\u00e3o de escorregamentos de massa;<\/span><\/li><li style=\"font-weight: 400;\" aria-level=\"1\"><span style=\"font-weight: 400;\">Modelagem Computacional de Din\u00e2mica de Poluentes<\/span><span style=\"font-weight: 400;\"> para monitoramento de nutrientes e micro pl\u00e1sticos nos meios fluvial e marinho.<\/span><\/li><li style=\"font-weight: 400;\" aria-level=\"1\"><span style=\"font-weight: 400;\">Oficinas Socioambientais<\/span><span style=\"font-weight: 400;\">: Cursos de Gest\u00e3o Ambiental e Resili\u00eancia Comunit\u00e1ria em parceria com escolas e institutos tecnol\u00f3gicos.<\/span><\/li><\/ol>\t\t<\/div>\r\n\r\n\t\t\r\n\t\t\t\t<\/div><!-- .dslc-module -->\r\n\t\t\r\n\t\t<div id=\"dslc-module-6b07dfe4c37\" class=\"dslc-module-front dslc-module-DSLC_Separator dslc-in-viewport-check dslc-in-viewport-anim-none  dslc-col dslc-12-col dslc-last-col  dslc-module-handle-like-regular \" data-module-id=\"6b07dfe4c37\" data-module=\"DSLC_Separator\" data-dslc-module-size=\"12\" data-dslc-anim=\"none\" data-dslc-anim-delay=\"\" data-dslc-anim-duration=\"650\"  data-dslc-anim-easing=\"ease\" data-dslc-preset=\"none\" >\r\n\r\n\t\t\t\r\n\t\t\t\r\n\t\t\t\t\t<div class=\"dslc-separator-wrapper\">\r\n\t\t\t\t<div class=\"dslc-separator dslc-separator-style-solid\">\r\n\t\t\t\t\t\t\t\t\t<\/div>\r\n\t\t\t\t<div><\/div>\r\n\t\t\t<\/div><!-- .dslc-separator-wrapper -->\r\n\t\t\t\r\n\t\t\t\t<\/div><!-- .dslc-module -->\r\n\t\t<\/div><\/div><\/div>\r\n\t\t<div  class=\"dslc-modules-section \" style=\"\" data-section-id=\"a1cf76a3b41\">\r\n\t\t\t\t\r\n\t\t\t\t\r\n\t\t\t\t<div class=\"dslc-modules-section-wrapper dslc-clearfix\"><div class=\"dslc-modules-area dslc-col dslc-2-col dslc-first-col dslc-valign- \" data-size=\"2\" data-valign=\"\"><\/div><div class=\"dslc-modules-area dslc-col dslc-10-col dslc-last-col dslc-valign- \" data-size=\"10\" data-valign=\"\">\r\n\t\t<div id=\"dslc-module-0356cbe91ea\" class=\"dslc-module-front dslc-module-DSLC_Image dslc-in-viewport-check dslc-in-viewport-anim-none  dslc-col dslc-4-col  dslc-module-handle-like-regular \" data-module-id=\"0356cbe91ea\" data-module=\"DSLC_Image\" data-dslc-module-size=\"4\" data-dslc-anim=\"none\" data-dslc-anim-delay=\"\" data-dslc-anim-duration=\"650\"  data-dslc-anim-easing=\"ease\" data-dslc-preset=\"none\" >\r\n\r\n\t\t\t\r\n\t\t\t\r\n\t\t\t\t<div class=\"dslc-image-container\">\r\n\t\t<div class=\"dslc-image\">\r\n\r\n\t\t\t\r\n\t\t\t\t\r\n\t\t\t\t\t\t\t\t\t<img src=\"https:\/\/gardeassociation.org\/pt\/wp-content\/uploads\/sites\/12\/2022\/07\/forest-pixabay-300x300.jpg\" alt=\"\" title=\"\"   \/>\r\n\t\t\t\t\r\n\t\t\t\t\t\t\t\t\t<\/div><!-- .dslc-image -->\r\n\t\t<\/div>\r\n\t\t\r\n\t\t\t\t<\/div><!-- .dslc-module -->\r\n\t\t\r\n\t\t<div id=\"dslc-module-98f8304e8d2\" class=\"dslc-module-front dslc-module-DSLC_Text_Simple dslc-in-viewport-check dslc-in-viewport-anim-none  dslc-col dslc-8-col dslc-last-col  dslc-module-handle-like-regular \" data-module-id=\"98f8304e8d2\" data-module=\"DSLC_Text_Simple\" data-dslc-module-size=\"8\" data-dslc-anim=\"none\" data-dslc-anim-delay=\"\" data-dslc-anim-duration=\"650\"  data-dslc-anim-easing=\"ease\" data-dslc-preset=\"h1-vermelho\" >\r\n\r\n\t\t\t\r\n\t\t\t\r\n\t\t\r\n\t\t<div class=\"dslc-text-module-content\">\r\n\t\t\t<h1>Iniciativas<\/h1><p>Todas as atividades da GARDE s\u00e3o direcionadas para projetos que previnam desastres naturais ou visem a recupera\u00e7\u00e3o do meio ambiente. Acreditamos que a resili\u00eancia e a capacidade de restabelecer-se de maneira sustent\u00e1vel s\u00e3o vitais para alcan\u00e7ar um desenvolvimento social igualit\u00e1rio. Nossas atividades s\u00e3o divididas em cinco \u00e1reas alinhadas aos Objetivos de Desenvolvimento Sustent\u00e1vel e de acordo com as estrat\u00e9gias das Na\u00e7\u00f5es Unidas.<\/p>\t\t<\/div>\r\n\r\n\t\t\r\n\t\t\t\t<\/div><!-- .dslc-module -->\r\n\t\t\r\n\t\t<div id=\"dslc-module-6f77e18da97\" class=\"dslc-module-front dslc-module-DSLC_Button dslc-in-viewport-check dslc-in-viewport-anim-none  dslc-col dslc-7-col  dslc-module-handle-like-regular \" data-module-id=\"6f77e18da97\" data-module=\"DSLC_Button\" data-dslc-module-size=\"7\" data-dslc-anim=\"none\" data-dslc-anim-delay=\"\" data-dslc-anim-duration=\"650\"  data-dslc-anim-easing=\"ease\" data-dslc-preset=\"none\" >\r\n\r\n\t\t\t\r\n\t\t\t\r\n\t\t\r\n\t\t\t<div class=\"dslc-button\">\r\n\t\t\t\t\t\t\t\t\t<a href=\"https:\/\/gardeassociation.org\/pt\/o-que-fazemos\/iniciativas\/\" target=\"_self\"  onClick=\"\" class=\"\">\r\n\t\t\t\t\t\t\t\t\t\t\t\t\t\t\t\t\t\t\t<span><\/span>\r\n\t\t\t\t\t\t\t\t\t\t\t\t\t\t\t\t\t\t\t\t\t\t\t\t\t\t\t<span class=\"dslc-icon dslc-icon-plus\"><\/span>\t\r\n\t\t\t\t\t\t\t\t\t\t\t\t\t\t\t\t\t\t<\/a>\r\n\t\t\t\t\t\t\t<\/div><!-- .dslc-button -->\r\n\r\n\r\n\t\t\t\t\t\t\r\n\t\t\t\t<\/div><!-- .dslc-module -->\r\n\t\t<\/div><\/div><\/div><\/div>","protected":false},"excerpt":{"rendered":"<p>Projetos A GARDE se alicer\u00e7a na intera\u00e7\u00e3o com a comunidade e transpar\u00eancia na comunica\u00e7\u00e3o entre as institui\u00e7\u00f5es envolvidas e os atores locais.\u00a0O desenvolvimento dos nossos produtos e servi\u00e7os \u00e9 voltado para tecnologia para redu\u00e7\u00e3o do risco de desastres, abrindo espa\u00e7os de di\u00e1logo com a academia, representantes do poder p\u00fablico, empresas e comunidades. Estes di\u00e1logos refor\u00e7am [&hellip;]<\/p>\n","protected":false},"author":1,"featured_media":0,"parent":13,"menu_order":0,"comment_status":"closed","ping_status":"closed","template":"","meta":[],"_links":{"self":[{"href":"https:\/\/gardeassociation.org\/pt\/wp-json\/wp\/v2\/pages\/615"}],"collection":[{"href":"https:\/\/gardeassociation.org\/pt\/wp-json\/wp\/v2\/pages"}],"about":[{"href":"https:\/\/gardeassociation.org\/pt\/wp-json\/wp\/v2\/types\/page"}],"author":[{"embeddable":true,"href":"https:\/\/gardeassociation.org\/pt\/wp-json\/wp\/v2\/users\/1"}],"replies":[{"embeddable":true,"href":"https:\/\/gardeassociation.org\/pt\/wp-json\/wp\/v2\/comments?post=615"}],"version-history":[{"count":1,"href":"https:\/\/gardeassociation.org\/pt\/wp-json\/wp\/v2\/pages\/615\/revisions"}],"predecessor-version":[{"id":616,"href":"https:\/\/gardeassociation.org\/pt\/wp-json\/wp\/v2\/pages\/615\/revisions\/616"}],"up":[{"embeddable":true,"href":"https:\/\/gardeassociation.org\/pt\/wp-json\/wp\/v2\/pages\/13"}],"wp:attachment":[{"href":"https:\/\/gardeassociation.org\/pt\/wp-json\/wp\/v2\/media?parent=615"}],"curies":[{"name":"wp","href":"https:\/\/api.w.org\/{rel}","templated":true}]}}